{"id":5095,"date":"2021-09-09T06:22:31","date_gmt":"2021-09-09T06:22:31","guid":{"rendered":"https:\/\/boehler.dev-root.de\/impressum\/"},"modified":"2025-06-18T10:28:11","modified_gmt":"2025-06-18T10:28:11","slug":"legal-information","status":"publish","type":"page","link":"https:\/\/boehler-art.com\/en\/legal-information\/","title":{"rendered":"Legal Information"},"content":{"rendered":"\t\t<div data-elementor-type=\"wp-page\" data-elementor-id=\"5095\" class=\"elementor elementor-5095 elementor-377\" data-elementor-post-type=\"page\">\n\t\t\t\t\t\t<section class=\"elementor-section elementor-top-section elementor-element elementor-element-7601783 elementor-section-boxed elementor-section-height-default elementor-section-height-default\" data-id=\"7601783\" data-element_type=\"section\" data-e-type=\"section\">\n\t\t\t\t\t\t<div class=\"elementor-container elementor-column-gap-default\">\n\t\t\t\t\t<div class=\"elementor-column elementor-col-25 elementor-top-column elementor-element elementor-element-fb8e3e1 elementor-hidden-mobile\" data-id=\"fb8e3e1\" data-element_type=\"column\" data-e-type=\"column\">\n\t\t\t<div class=\"elementor-widget-wrap\">\n\t\t\t\t\t\t\t<\/div>\n\t\t<\/div>\n\t\t\t\t<div class=\"elementor-column elementor-col-50 elementor-top-column elementor-element elementor-element-7513bb3\" data-id=\"7513bb3\" data-element_type=\"column\" data-e-type=\"column\">\n\t\t\t<div class=\"elementor-widget-wrap elementor-element-populated\">\n\t\t\t\t\t\t<div class=\"elementor-element elementor-element-e6a6a9a elementor-widget elementor-widget-heading\" data-id=\"e6a6a9a\" data-element_type=\"widget\" data-e-type=\"widget\" data-widget_type=\"heading.default\">\n\t\t\t\t<div class=\"elementor-widget-container\">\n\t\t\t\t\t<h2 class=\"elementor-heading-title elementor-size-default\">Impressum<\/h2>\t\t\t\t<\/div>\n\t\t\t\t<\/div>\n\t\t\t\t\t<\/div>\n\t\t<\/div>\n\t\t\t\t<div class=\"elementor-column elementor-col-25 elementor-top-column elementor-element elementor-element-97f0ac3 elementor-hidden-mobile\" data-id=\"97f0ac3\" data-element_type=\"column\" data-e-type=\"column\">\n\t\t\t<div class=\"elementor-widget-wrap\">\n\t\t\t\t\t\t\t<\/div>\n\t\t<\/div>\n\t\t\t\t\t<\/div>\n\t\t<\/section>\n\t\t\t\t<section class=\"elementor-section elementor-top-section elementor-element elementor-element-c12e1cb elementor-section-boxed elementor-section-height-default elementor-section-height-default\" data-id=\"c12e1cb\" data-element_type=\"section\" data-e-type=\"section\">\n\t\t\t\t\t\t<div class=\"elementor-container elementor-column-gap-default\">\n\t\t\t\t\t<div class=\"elementor-column elementor-col-25 elementor-top-column elementor-element elementor-element-c39d6d8 elementor-hidden-mobile\" data-id=\"c39d6d8\" data-element_type=\"column\" data-e-type=\"column\">\n\t\t\t<div class=\"elementor-widget-wrap\">\n\t\t\t\t\t\t\t<\/div>\n\t\t<\/div>\n\t\t\t\t<div class=\"elementor-column elementor-col-25 elementor-top-column elementor-element elementor-element-cfdded9\" data-id=\"cfdded9\" data-element_type=\"column\" data-e-type=\"column\">\n\t\t\t<div class=\"elementor-widget-wrap elementor-element-populated\">\n\t\t\t\t\t\t<div class=\"elementor-element elementor-element-3d75c86 elementor-widget elementor-widget-text-editor\" data-id=\"3d75c86\" data-element_type=\"widget\" data-e-type=\"widget\" data-widget_type=\"text-editor.default\">\n\t\t\t\t<div class=\"elementor-widget-container\">\n\t\t\t\t\t\t\t\t\t<p>Kunsthandlung Julius B\u00f6hler GmbH<br>Unterer Seeweg 4, 82319 Starnberg<br>Tel: + 49 (0) 81 51 5 592 53<br>Fax: + 49 (0) 81 51 26 83 17<br>E-Mail: info@boehler-art.com&nbsp;<\/p>\t\t\t\t\t\t\t\t<\/div>\n\t\t\t\t<\/div>\n\t\t\t\t\t<\/div>\n\t\t<\/div>\n\t\t\t\t<div class=\"elementor-column elementor-col-25 elementor-top-column elementor-element elementor-element-8e219ef\" data-id=\"8e219ef\" data-element_type=\"column\" data-e-type=\"column\">\n\t\t\t<div class=\"elementor-widget-wrap elementor-element-populated\">\n\t\t\t\t\t\t<div class=\"elementor-element elementor-element-91c5344 elementor-widget elementor-widget-text-editor\" data-id=\"91c5344\" data-element_type=\"widget\" data-e-type=\"widget\" data-widget_type=\"text-editor.default\">\n\t\t\t\t<div class=\"elementor-widget-container\">\n\t\t\t\t\t\t\t\t\tSitz &#038; Erf\u00fcllungsort: Starnberg<br>\nGerichtsstand: M\u00fcnchen<br>\nHRB 149048 AG M\u00fcnchen<br>\nUst. ID: DE 231 644 248<br><\/br>\n\nGesch\u00e4ftsf\u00fchrer:<br>\nFlorian Eitle-B\u00f6hler, Catrin Eitle\t\t\t\t\t\t\t\t<\/div>\n\t\t\t\t<\/div>\n\t\t\t\t\t<\/div>\n\t\t<\/div>\n\t\t\t\t<div class=\"elementor-column elementor-col-25 elementor-top-column elementor-element elementor-element-2a7f206 elementor-hidden-mobile\" data-id=\"2a7f206\" data-element_type=\"column\" data-e-type=\"column\">\n\t\t\t<div class=\"elementor-widget-wrap\">\n\t\t\t\t\t\t\t<\/div>\n\t\t<\/div>\n\t\t\t\t\t<\/div>\n\t\t<\/section>\n\t\t\t\t<\/div>\n\t\t","protected":false},"excerpt":{"rendered":"<p>Impressum Kunsthandlung Julius B\u00f6hler GmbHUnterer Seeweg 4, 82319 StarnbergTel: + 49 (0) 81 51 5 592 53Fax: + 49 (0) 81 51 26 83 17E-Mail: info@boehler-art.com&nbsp; Sitz &#038; Erf\u00fcllungsort: Starnberg Gerichtsstand: M\u00fcnchen HRB 149048 AG M\u00fcnchen Ust. ID: DE 231 644 248 Gesch\u00e4ftsf\u00fchrer: Florian Eitle-B\u00f6hler, Catrin Eitle<\/p>\n","protected":false},"author":4,"featured_media":0,"parent":0,"menu_order":0,"comment_status":"closed","ping_status":"closed","template":"","meta":{"_acf_changed":false,"footnotes":""},"class_list":["post-5095","page","type-page","status-publish","hentry"],"acf":[],"_links":{"self":[{"href":"https:\/\/boehler-art.com\/en\/wp-json\/wp\/v2\/pages\/5095","targetHints":{"allow":["GET"]}}],"collection":[{"href":"https:\/\/boehler-art.com\/en\/wp-json\/wp\/v2\/pages"}],"about":[{"href":"https:\/\/boehler-art.com\/en\/wp-json\/wp\/v2\/types\/page"}],"author":[{"embeddable":true,"href":"https:\/\/boehler-art.com\/en\/wp-json\/wp\/v2\/users\/4"}],"replies":[{"embeddable":true,"href":"https:\/\/boehler-art.com\/en\/wp-json\/wp\/v2\/comments?post=5095"}],"version-history":[{"count":0,"href":"https:\/\/boehler-art.com\/en\/wp-json\/wp\/v2\/pages\/5095\/revisions"}],"wp:attachment":[{"href":"https:\/\/boehler-art.com\/en\/wp-json\/wp\/v2\/media?parent=5095"}],"curies":[{"name":"wp","href":"https:\/\/api.w.org\/{rel}","templated":true}]}}